{"id":21,"date":"2019-11-20T10:00:14","date_gmt":"2019-11-20T10:00:14","guid":{"rendered":"http:\/\/www.champfromier.fr\/?page_id=21"},"modified":"2023-03-14T10:45:36","modified_gmt":"2023-03-14T10:45:36","slug":"activites-de-lassociation","status":"publish","type":"page","link":"https:\/\/www.champfromier.fr\/?page_id=21","title":{"rendered":"Activit\u00e9s de l&#8217;association"},"content":{"rendered":"\n<h2 class=\"wp-block-heading\"><\/h2>\n\n\n\n<p><strong><em>Vendredi 18 d\u00e9cembre 2022\u00a0 \u00e0 Evian<\/em><\/strong><\/p>\n\n\n\n<p><strong><em>Tout d&#8217;abord, un agr\u00e9able trajet en train. Puis la visite guid\u00e9e de la passionnante visite guid\u00e9e de l&#8217;exposition &#8220;Artistes Voyageuses&#8221; , et ensuite la d\u00e9couverte du monde fabuleux des flottins. Une excellente journ\u00e9e.<\/em><\/strong><\/p>\n\n\n\n<figure class=\"wp-block-gallery has-nested-images columns-default is-cropped wp-block-gallery-1 is-layout-flex\">\n<figure class=\"wp-block-image size-large\"><img decoding=\"async\" loading=\"lazy\" width=\"576\" height=\"1024\" data-id=\"538\"  src=\"https:\/\/www.champfromier.fr\/wp-content\/uploads\/2023\/03\/02.07-576x1024.jpg\" alt=\"\" class=\"wp-image-538\" srcset=\"https:\/\/www.champfromier.fr\/wp-content\/uploads\/2023\/03\/02.07-576x1024.jpg 576w, https:\/\/www.champfromier.fr\/wp-content\/uploads\/2023\/03\/02.07-169x300.jpg 169w, https:\/\/www.champfromier.fr\/wp-content\/uploads\/2023\/03\/02.07-768x1365.jpg 768w, https:\/\/www.champfromier.fr\/wp-content\/uploads\/2023\/03\/02.07-864x1536.jpg 864w, https:\/\/www.champfromier.fr\/wp-content\/uploads\/2023\/03\/02.07-1152x2048.jpg 1152w, https:\/\/www.champfromier.fr\/wp-content\/uploads\/2023\/03\/02.07-scaled.jpg 1440w\" sizes=\"(max-width: 576px) 100vw, 576px\" \/><\/figure>\n\n\n\n<figure class=\"wp-block-image size-large\"><img decoding=\"async\" loading=\"lazy\" width=\"576\" height=\"1024\" data-id=\"539\"  src=\"https:\/\/www.champfromier.fr\/wp-content\/uploads\/2023\/03\/02.180-576x1024.jpg\" alt=\"\" class=\"wp-image-539\" srcset=\"https:\/\/www.champfromier.fr\/wp-content\/uploads\/2023\/03\/02.180-576x1024.jpg 576w, https:\/\/www.champfromier.fr\/wp-content\/uploads\/2023\/03\/02.180-169x300.jpg 169w, https:\/\/www.champfromier.fr\/wp-content\/uploads\/2023\/03\/02.180-768x1365.jpg 768w, https:\/\/www.champfromier.fr\/wp-content\/uploads\/2023\/03\/02.180-864x1536.jpg 864w, https:\/\/www.champfromier.fr\/wp-content\/uploads\/2023\/03\/02.180-1152x2048.jpg 1152w, https:\/\/www.champfromier.fr\/wp-content\/uploads\/2023\/03\/02.180-scaled.jpg 1440w\" sizes=\"(max-width: 576px) 100vw, 576px\" \/><\/figure>\n<\/figure>\n\n\n\n<h2 class=\"has-x-large-font-size wp-block-heading\" style=\"font-style:normal;font-weight:700\">2023<\/h2>\n\n\n\n<p style=\"font-style:normal;font-weight:700\">Samedi 11 mars sortie \u00e0 la Guienette.<\/p>\n\n\n\n<p style=\"font-style:italic;font-weight:700\">\u00a09 personnes motiv\u00e9es\u00a0 et ravies d&#8217;avoir os\u00e9es faire cette\u00a0 sortie organis\u00e9e par Serge malgr\u00e9\u00a0 une m\u00e9t\u00e9o fort peu engageante . D&#8217;autres personnes sont venues directement \u00e0 la Guienette pour un bon repas dans une ambiance sympa .<\/p>\n\n\n\n<figure class=\"wp-block-gallery has-nested-images columns-default is-cropped wp-block-gallery-3 is-layout-flex\">\n<figure class=\"wp-block-image size-large\"><img decoding=\"async\" loading=\"lazy\" width=\"1024\" height=\"576\" data-id=\"548\"  src=\"https:\/\/www.champfromier.fr\/wp-content\/uploads\/2023\/03\/20230311_105657-1-1024x576.jpg\" alt=\"\" class=\"wp-image-548\" srcset=\"https:\/\/www.champfromier.fr\/wp-content\/uploads\/2023\/03\/20230311_105657-1-1024x576.jpg 1024w, https:\/\/www.champfromier.fr\/wp-content\/uploads\/2023\/03\/20230311_105657-1-300x169.jpg 300w, https:\/\/www.champfromier.fr\/wp-content\/uploads\/2023\/03\/20230311_105657-1-768x432.jpg 768w, https:\/\/www.champfromier.fr\/wp-content\/uploads\/2023\/03\/20230311_105657-1-1536x864.jpg 1536w, https:\/\/www.champfromier.fr\/wp-content\/uploads\/2023\/03\/20230311_105657-1-2048x1152.jpg 2048w\" sizes=\"(max-width: 706px) 89vw, (max-width: 767px) 82vw, 740px\" \/><\/figure>\n\n\n\n<figure class=\"wp-block-image size-large\"><img decoding=\"async\" loading=\"lazy\" width=\"576\" height=\"1024\" data-id=\"543\"  src=\"https:\/\/www.champfromier.fr\/wp-content\/uploads\/2023\/03\/20230311_110546-576x1024.jpg\" alt=\"\" class=\"wp-image-543\" srcset=\"https:\/\/www.champfromier.fr\/wp-content\/uploads\/2023\/03\/20230311_110546-576x1024.jpg 576w, https:\/\/www.champfromier.fr\/wp-content\/uploads\/2023\/03\/20230311_110546-169x300.jpg 169w, https:\/\/www.champfromier.fr\/wp-content\/uploads\/2023\/03\/20230311_110546-768x1365.jpg 768w, https:\/\/www.champfromier.fr\/wp-content\/uploads\/2023\/03\/20230311_110546-864x1536.jpg 864w, https:\/\/www.champfromier.fr\/wp-content\/uploads\/2023\/03\/20230311_110546-1152x2048.jpg 1152w, https:\/\/www.champfromier.fr\/wp-content\/uploads\/2023\/03\/20230311_110546-scaled.jpg 1440w\" sizes=\"(max-width: 576px) 100vw, 576px\" \/><\/figure>\n\n\n\n<figure class=\"wp-block-image size-large\"><img decoding=\"async\" loading=\"lazy\" width=\"768\" height=\"1024\" data-id=\"544\"  src=\"https:\/\/www.champfromier.fr\/wp-content\/uploads\/2023\/03\/20230311_151549-768x1024.jpg\" alt=\"\" class=\"wp-image-544\" srcset=\"https:\/\/www.champfromier.fr\/wp-content\/uploads\/2023\/03\/20230311_151549-768x1024.jpg 768w, https:\/\/www.champfromier.fr\/wp-content\/uploads\/2023\/03\/20230311_151549-225x300.jpg 225w, https:\/\/www.champfromier.fr\/wp-content\/uploads\/2023\/03\/20230311_151549-1152x1536.jpg 1152w, https:\/\/www.champfromier.fr\/wp-content\/uploads\/2023\/03\/20230311_151549-1536x2048.jpg 1536w, https:\/\/www.champfromier.fr\/wp-content\/uploads\/2023\/03\/20230311_151549-scaled.jpg 1920w\" sizes=\"(max-width: 706px) 89vw, (max-width: 767px) 82vw, 740px\" \/><\/figure>\n\n\n\n<figure class=\"wp-block-image size-large\"><img decoding=\"async\" loading=\"lazy\" width=\"1024\" height=\"768\" data-id=\"546\"  src=\"https:\/\/www.champfromier.fr\/wp-content\/uploads\/2023\/03\/P1000660-1024x768.jpg\" alt=\"\" class=\"wp-image-546\" srcset=\"https:\/\/www.champfromier.fr\/wp-content\/uploads\/2023\/03\/P1000660-1024x768.jpg 1024w, https:\/\/www.champfromier.fr\/wp-content\/uploads\/2023\/03\/P1000660-300x225.jpg 300w, https:\/\/www.champfromier.fr\/wp-content\/uploads\/2023\/03\/P1000660-768x576.jpg 768w, https:\/\/www.champfromier.fr\/wp-content\/uploads\/2023\/03\/P1000660-1536x1152.jpg 1536w, https:\/\/www.champfromier.fr\/wp-content\/uploads\/2023\/03\/P1000660-2048x1536.jpg 2048w\" sizes=\"(max-width: 706px) 89vw, (max-width: 767px) 82vw, 740px\" \/><\/figure>\n\n\n\n<figure class=\"wp-block-image size-large\"><img decoding=\"async\" loading=\"lazy\" width=\"1024\" height=\"768\" data-id=\"547\"  src=\"https:\/\/www.champfromier.fr\/wp-content\/uploads\/2023\/03\/P1000663-1024x768.jpg\" alt=\"\" class=\"wp-image-547\" srcset=\"https:\/\/www.champfromier.fr\/wp-content\/uploads\/2023\/03\/P1000663-1024x768.jpg 1024w, https:\/\/www.champfromier.fr\/wp-content\/uploads\/2023\/03\/P1000663-300x225.jpg 300w, https:\/\/www.champfromier.fr\/wp-content\/uploads\/2023\/03\/P1000663-768x576.jpg 768w, https:\/\/www.champfromier.fr\/wp-content\/uploads\/2023\/03\/P1000663-1536x1152.jpg 1536w, https:\/\/www.champfromier.fr\/wp-content\/uploads\/2023\/03\/P1000663-2048x1536.jpg 2048w\" sizes=\"(max-width: 706px) 89vw, (max-width: 767px) 82vw, 740px\" \/><\/figure>\n<\/figure>\n","protected":false},"excerpt":{"rendered":"<p>Vendredi 18 d\u00e9cembre 2022\u00a0 \u00e0 Evian Tout d&#8217;abord, un agr\u00e9able trajet en train. Puis la visite guid\u00e9e de la passionnante visite guid\u00e9e de l&#8217;exposition &#8220;Artistes Voyageuses&#8221; , et ensuite la d\u00e9couverte du monde fabuleux des flottins. Une excellente journ\u00e9e. 2023 Samedi 11 mars sortie \u00e0 la Guienette. \u00a09 personnes motiv\u00e9es\u00a0 et ravies d&#8217;avoir os\u00e9es faire &hellip; <\/p>\n<p class=\"link-more\"><a href=\"https:\/\/www.champfromier.fr\/?page_id=21\" class=\"more-link\">Continue reading<span class=\"screen-reader-text\"> &#8220;Activit\u00e9s de l&#8217;association&#8221;<\/span><\/a><\/p>\n","protected":false},"author":1,"featured_media":0,"parent":2,"menu_order":0,"comment_status":"closed","ping_status":"closed","template":"","meta":[],"_links":{"self":[{"href":"https:\/\/www.champfromier.fr\/index.php?rest_route=\/wp\/v2\/pages\/21"}],"collection":[{"href":"https:\/\/www.champfromier.fr\/index.php?rest_route=\/wp\/v2\/pages"}],"about":[{"href":"https:\/\/www.champfromier.fr\/index.php?rest_route=\/wp\/v2\/types\/page"}],"author":[{"embeddable":true,"href":"https:\/\/www.champfromier.fr\/index.php?rest_route=\/wp\/v2\/users\/1"}],"replies":[{"embeddable":true,"href":"https:\/\/www.champfromier.fr\/index.php?rest_route=%2Fwp%2Fv2%2Fcomments&post=21"}],"version-history":[{"count":4,"href":"https:\/\/www.champfromier.fr\/index.php?rest_route=\/wp\/v2\/pages\/21\/revisions"}],"predecessor-version":[{"id":550,"href":"https:\/\/www.champfromier.fr\/index.php?rest_route=\/wp\/v2\/pages\/21\/revisions\/550"}],"up":[{"embeddable":true,"href":"https:\/\/www.champfromier.fr\/index.php?rest_route=\/wp\/v2\/pages\/2"}],"wp:attachment":[{"href":"https:\/\/www.champfromier.fr\/index.php?rest_route=%2Fwp%2Fv2%2Fmedia&parent=21"}],"curies":[{"name":"wp","href":"https:\/\/api.w.org\/{rel}","templated":true}]}}